{"id":1257,"date":"2020-03-06T20:45:57","date_gmt":"2020-03-06T18:45:57","guid":{"rendered":"http:\/\/dge.mysch.gr\/site\/?page_id=1257"},"modified":"2026-01-10T10:13:05","modified_gmt":"2026-01-10T08:13:05","slug":"eyropaiko-programma-erasmus-2017-2019-to-teach-is-to-learn-using-literature-in-a-creative-education-as-a-m","status":"publish","type":"page","link":"http:\/\/dge.mysch.gr\/site\/eyropaiko-programma-erasmus-2017-2019-to-teach-is-to-learn-using-literature-in-a-creative-education-as-a-m\/","title":{"rendered":"\u0395\u03c5\u03c1\u03c9\u03c0\u03b1\u03ca\u03ba\u03cc \u03a0\u03c1\u03cc\u03b3\u03c1\u03b1\u03bc\u03bc\u03b1 Erasmus+ 2017-2019: To Teach is to Learn &#8211; Using Literature in a Creative Education as a Multidirectional Path to Skills Development"},"content":{"rendered":"\n<p><a href=\"https:\/\/titlerasmus.weebly.com\/\">\u0395\u03c0\u03b9\u03c3\u03ba\u03b5\u03c6\u03b8\u03b5\u03af\u03c4\u03b5 \u03c4\u03bf\u03bd \u0399\u03c3\u03c4\u03cc\u03c4\u03bf\u03c0\u03bf \u03c4\u03bf\u03c5 \u03c0\u03c1\u03bf\u03b3\u03c1\u03ac\u03bc\u03bc\u03b1\u03c4\u03bf\u03c2<\/a><\/p>\n\n\n\n<figure class=\"wp-block-image\"><img loading=\"lazy\" decoding=\"async\" width=\"1024\" height=\"683\" src=\"http:\/\/dge.mysch.gr\/site\/wp-content\/uploads\/2020\/03\/IMG_5630-1024x683.jpg\" alt=\"\" class=\"wp-image-1260\" srcset=\"http:\/\/dge.mysch.gr\/site\/wp-content\/uploads\/2020\/03\/IMG_5630-1024x683.jpg 1024w, http:\/\/dge.mysch.gr\/site\/wp-content\/uploads\/2020\/03\/IMG_5630-300x200.jpg 300w, http:\/\/dge.mysch.gr\/site\/wp-content\/uploads\/2020\/03\/IMG_5630-768x512.jpg 768w\" sizes=\"auto, (max-width: 1024px) 100vw, 1024px\" \/><\/figure>\n\n\n\n<p>\u039a\u03b1\u03c4\u03ac \u03c4\u03b1 \u03c3\u03c7\u03bf\u03bb\u03b9\u03ba\u03ac \u03ad\u03c4\u03b7 2017- 2018 \u03ba\u03b1\u03b9 2018-2019 \u03c4\u03bf \u0394\u03b9\u03b1\u03c0\u03bf\u03bb\u03b9\u03c4\u03b9\u03c3\u03bc\u03b9\u03ba\u03cc \u0393\u03c5\u03bc\u03bd\u03ac\u03c3\u03b9\u03bf \u0395\u03c5\u03cc\u03c3\u03bc\u03bf\u03c5  \u03ad\u03bb\u03b1\u03b2\u03b5 \u03bc\u03ad\u03c1\u03bf\u03c2 \u03bc\u03b5 \u03bc\u03b5\u03b3\u03ac\u03bb\u03b7 \u03b5\u03c0\u03b9\u03c4\u03c5\u03c7\u03af\u03b1 \u03c3\u03c4\u03bf \u0395\u03c5\u03c1\u03c9\u03c0\u03b1\u03ca\u03ba\u03cc \u03a0\u03c1\u03cc\u03b3\u03c1\u03b1\u03bc\u03bc\u03b1 Erasmus+ \u03bc\u03b5 \u03c4\u03af\u03c4\u03bb\u03bf: \u00abTo Teach is toLearn \u2013 Using Literature in a Creative Education as a Multidirectional Path to Skills Development\u00bb, \u03c0\u03bf\u03c5 \u03c7\u03c1\u03b7\u03bc\u03b1\u03c4\u03bf\u03b4\u03bf\u03c4\u03ae\u03b8\u03b7\u03ba\u03b5 \u03b5\u03be\u03bf\u03bb\u03bf\u03ba\u03bb\u03ae\u03c1\u03bf\u03c5 \u03b1\u03c0\u03cc \u03c4\u03b7\u03bd \u0395\u03c5\u03c1\u03c9\u03c0\u03b1\u03ca\u03ba\u03ae \u0388\u03bd\u03c9\u03c3\u03b7. \u03a3\u03c4\u03bf \u03c0\u03c1\u03cc\u03b3\u03c1\u03b1\u03bc\u03bc\u03b1 \u03b5\u03ba\u03c4\u03cc\u03c2 \u03b1\u03c0\u03cc \u03c4\u03bf \u0395\u03bb\u03bb\u03b7\u03bd\u03b9\u03ba\u03cc \u03a3\u03c7\u03bf\u03bb\u03b5\u03af\u03bf \u03c3\u03c5\u03bc\u03bc\u03b5\u03c4\u03b5\u03af\u03c7\u03b1\u03bd \u03c4\u03bf \u03c3\u03c7\u03bf\u03bb\u03b5\u03af\u03bfGymn\u00e1ziumsv. EditySteinovej, \u03b1\u03c0\u03cc \u03c4\u03bf Ko\u0161ice \u03c4\u03b7\u03c2 \u03a3\u03bb\u03bf\u03b2\u03b1\u03ba\u03af\u03b1\u03c2 \u03ba\u03b1\u03b9 \u03c4\u03bf \u03c3\u03c7\u03bf\u03bb\u03b5\u03af\u03bf N\u00f6sn\u00e4sgymnasiet, , \u03b1\u03c0\u03cc \u03c4\u03bf Stenungsund \u03c4\u03b7\u03c2 \u03a3\u03bf\u03c5\u03b7\u03b4\u03af\u03b1\u03c2.<br> \u039a\u03b1\u03c4\u03ac \u03c4\u03b7 \u03b4\u03b9\u03ac\u03c1\u03ba\u03b5\u03b9\u03b1 \u03c4\u03bf\u03c5 \u03c0\u03c1\u03bf\u03b3\u03c1\u03ac\u03bc\u03bc\u03b1\u03c4\u03bf\u03c2 \u03c0\u03c1\u03b1\u03b3\u03bc\u03b1\u03c4\u03bf\u03c0\u03bf\u03b9\u03ae\u03b8\u03b7\u03ba\u03b1\u03bd \u03b5\u03c0\u03b9\u03c3\u03ba\u03ad\u03c8\u03b5\u03b9\u03c2 \u03b5\u03c1\u03b3\u03b1\u03c3\u03af\u03b1\u03c2 \u03ba\u03b1\u03b8\u03b7\u03b3\u03b7\u03c4\u03ce\u03bd \u03b1\u03c0\u03cc \u03c4\u03b1 \u03c3\u03c5\u03bc\u03bc\u03b5\u03c4\u03ad\u03c7\u03bf\u03bd\u03c4\u03b1 \u03c3\u03c7\u03bf\u03bb\u03b5\u03af\u03b1 \u03c3\u03b5 \u03cc\u03bb\u03b1 \u03c4\u03b1 \u03c3\u03c7\u03bf\u03bb\u03b5\u03af\u03b1 \u03b5\u03c4\u03b1\u03af\u03c1\u03bf\u03c5\u03c2 \u03ba\u03b1\u03b8\u03ce\u03c2 \u03ba\u03b1\u03b9 \u03b1\u03bd\u03c4\u03b1\u03bb\u03bb\u03b1\u03b3\u03ad\u03c2 \u03bc\u03b1\u03b8\u03b7\u03c4\u03ce\u03bd. \u03a4\u03bf \u0394\u03b9\u03b1\u03c0\u03bf\u03bb\u03b9\u03c4\u03b9\u03c3\u03bc\u03b9\u03ba\u03cc \u0393\u03c5\u03bc\u03bd\u03ac\u03c3\u03b9\u03bf \u0395\u03c5\u03cc\u03c3\u03bc\u03bf\u03c5 \u03c5\u03c0\u03bf\u03b4\u03ad\u03c7\u03c4\u03b7\u03ba\u03b5 \u03b1\u03c0\u03cc \u03c4\u03b9\u03c2 24 \u03ad\u03c9\u03c2 \u03c4\u03b9\u03c2 30 \u0391\u03c0\u03c1\u03b9\u03bb\u03af\u03bf\u03c5 2018 \u03bf\u03ba\u03c4\u03ce  \u03ba\u03b1\u03b8\u03b7\u03b3\u03b7\u03c4\u03ad\u03c2 \u03ba\u03b1\u03b9 28 \u03bc\u03b1\u03b8\u03b7\u03c4\u03ad\u03c2 \u03c0\u03bf\u03c5 \u03c0\u03c1\u03bf\u03ad\u03c1\u03c7\u03bf\u03bd\u03c4\u03b1\u03bd  \u03b1\u03c0\u03cc \u03c4\u03b9\u03c2 \u03b4\u03c5\u03bf \u03b1\u03c5\u03c4\u03ad\u03c2 \u0395\u03c5\u03c1\u03c9\u03c0\u03b1\u03ca\u03ba\u03ad\u03c2 \u03c7\u03ce\u03c1\u03b5\u03c2. \u039f\u03b9 \u03be\u03ad\u03bd\u03bf\u03b9 \u03bc\u03b1\u03b8\u03b7\u03c4\u03ad\u03c2 \u03c6\u03b9\u03bb\u03bf\u03be\u03b5\u03bd\u03ae\u03b8\u03b7\u03ba\u03b1\u03bd \u03c3\u03c4\u03b9\u03c2 \u03bf\u03b9\u03ba\u03bf\u03b3\u03ad\u03bd\u03b5\u03b9\u03b5\u03c2 \u03c4\u03c9\u03bd \u0395\u03bb\u03bb\u03ae\u03bd\u03c9\u03bd \u03c3\u03c5\u03bc\u03bc\u03b1\u03b8\u03b7\u03c4\u03ce\u03bd \u03c4\u03bf\u03c5\u03c2.<br> \u039a\u03b1\u03c4\u03ac \u03c4\u03b7 \u03b4\u03b9\u03ac\u03c1\u03ba\u03b5\u03b9\u03b1 \u03c4\u03b7\u03c2 \u03c6\u03b9\u03bb\u03bf\u03be\u03b5\u03bd\u03af\u03b1\u03c2 \u03c4\u03c9\u03bd \u03be\u03ad\u03bd\u03c9\u03bd \u03c3\u03c7\u03bf\u03bb\u03b5\u03af\u03c9\u03bd \u03c0\u03c1\u03b1\u03b3\u03bc\u03b1\u03c4\u03bf\u03c0\u03bf\u03b9\u03ae\u03b8\u03b7\u03ba\u03b1\u03bd) \u03b4\u03b9\u03ac\u03c6\u03bf\u03c1\u03b5\u03c2 \u03ba\u03b1\u03bb\u03bb\u03b9\u03c4\u03b5\u03c7\u03bd\u03b9\u03ba\u03ad\u03c2 \u03b5\u03ba\u03b4\u03b7\u03bb\u03ce\u03c3\u03b5\u03b9\u03c2 \u03b1\u03bd\u03bf\u03b9\u03c7\u03c4\u03ad\u03c2 \u03b3\u03b9\u03b1 \u03c4\u03b9\u03c2 \u03bf\u03b9\u03ba\u03bf\u03b3\u03ad\u03bd\u03b5\u03b9\u03b5\u03c2 \u03c4\u03c9\u03bd \u03bc\u03b1\u03b8\u03b7\u03c4\u03ce\u03bd \u03bc\u03b1\u03c2, \u03c4\u03b9\u03c2 \u03b1\u03c1\u03c7\u03ad\u03c2 \u03c4\u03b7\u03c2 \u03c0\u03cc\u03bb\u03b7\u03c2 \u03ba\u03b1\u03b9 \u03c4\u03b7\u03bd \u03c4\u03bf\u03c0\u03b9\u03ba\u03ae \u03ba\u03bf\u03b9\u03bd\u03c9\u03bd\u03af\u03b1, \u03be\u03b5\u03bd\u03b1\u03b3\u03ae\u03c3\u03b5\u03b9\u03c2 \u03c3\u03c4\u03bf \u03b9\u03c3\u03c4\u03bf\u03c1\u03b9\u03ba\u03cc \u03ba\u03ad\u03bd\u03c4\u03c1\u03bf \u03c4\u03b7\u03c2 \u03c0\u03cc\u03bb\u03b7\u03c2 \u03bc\u03ad\u03c3\u03b1 \u03b1\u03c0\u03cc \u03c0\u03b1\u03b9\u03c7\u03bd\u03af\u03b4\u03b9\u03b1 \u03b5\u03be\u03b5\u03c1\u03b5\u03cd\u03bd\u03b7\u03c3\u03b7\u03c2, \u03ba\u03b1\u03b9 \u03b2) \u03c0\u03bf\u03b9\u03ba\u03af\u03bb\u03b5\u03c2 \u03b5\u03ba\u03c0\u03b1\u03b9\u03b4\u03b5\u03c5\u03c4\u03b9\u03ba\u03ad\u03c2\/\u03b5\u03c0\u03b9\u03bc\u03bf\u03c1\u03c6\u03c9\u03c4\u03b9\u03ba\u03ad\u03c2 \u03b4\u03c1\u03b1\u03c3\u03c4\u03b7\u03c1\u03b9\u03cc\u03c4\u03b7\u03c4\u03b5\u03c2 \u03c4\u03cc\u03c3\u03bf \u03b3\u03b9\u03b1 \u03c4\u03bf\u03c5\u03c2 \u03bc\u03b1\u03b8\u03b7\u03c4\u03ad\u03c2 \u03c0\u03bf\u03c5 \u03c3\u03c5\u03bc\u03bc\u03b5\u03c4\u03b5\u03af\u03c7\u03b1\u03bd \u03c3\u03c4\u03bf \u03a0\u03c1\u03cc\u03b3\u03c1\u03b1\u03bc\u03bc\u03b1 \u03cc\u03c3\u03bf \u03ba\u03b1\u03b9 \u03b3\u03b9\u03b1 \u03c4\u03bf\u03c5\u03c2 \u03c6\u03b9\u03bb\u03bf\u03be\u03b5\u03bd\u03bf\u03cd\u03bc\u03b5\u03bd\u03bf\u03c5\u03c2 \u03b5\u03ba\u03c0\u03b1\u03b9\u03b4\u03b5\u03c5\u03c4\u03b9\u03ba\u03bf\u03cd\u03c2. \u03a0\u03b9\u03bf \u03c3\u03c5\u03b3\u03ba\u03b5\u03ba\u03c1\u03b9\u03bc\u03ad\u03bd\u03b1, <br> \u039f\u03b9 \u03bc\u03b1\u03b8\u03b7\u03c4\u03ad\u03c2 \u03c0\u03b1\u03c1\u03b1\u03ba\u03bf\u03bb\u03bf\u03cd\u03b8\u03b7\u03c3\u03b1\u03bd \u03c4\u03b1 \u03c0\u03b1\u03c1\u03b1\u03ba\u03ac\u03c4\u03c9 \u03b5\u03c1\u03b3\u03b1\u03c3\u03c4\u03ae\u03c1\u03b9\u03b1 (workshops):<br> 1.&#8221;Seastories of yesterday and today&#8221;Fourseastoriesforthestage.<br> V. Tsougkrani, A. Grigoriadou, L. Fotou<br> 2.&#8221;Water and Ancient Greek Technology&#8221;, D. Nikolopoulos, E. Psarra, P. Evangelopoulos, D. Taketzidou<\/p>\n\n\n\n<ol class=\"wp-block-list\">\n<li>&#8220;Masters of the waters, in ancient Greek mythology and contemporary folklore&#8221;   <br> E. Korantzi, M. Tsoumari, S. Apostolou<\/li>\n\n\n\n<li>\u201cInteractive experiments at Aristotle\u2019s Park in Stagira\/Chalkidiki\u201d, A. Katzika, A. Grigoriadou.<br> \u039f\u03b9 \u03c6\u03b9\u03bb\u03bf\u03be\u03b5\u03bd\u03bf\u03cd\u03bc\u03b5\u03bd\u03bf\u03b9 \u03ba\u03b1\u03b8\u03b7\u03b3\u03b7\u03c4\u03ad\u03c2 \u03c3\u03c5\u03bc\u03bc\u03b5\u03c4\u03b5\u03af\u03c7\u03b1\u03bd \u03c3\u03c4\u03b1 \u03c0\u03b1\u03c1\u03b1\u03ba\u03ac\u03c4\u03c9 \u03c3\u03b5\u03bc\u03b9\u03bd\u03ac\u03c1\u03b9\u03b1:<br> 1.&#8221;Greek for everybody&#8221; S. Tsakiridou, \u039c. Tsoumari , A. Peristergianou<\/li>\n\n\n\n<li>&#8220;Depicting the world: Sciences in Greek Literature&#8221;. V. Tsiotras,  A. Grigoriadou<\/li>\n\n\n\n<li>&#8220;Experiences and Impressions of teaching the Greek language to young refugees&#8221;, <br> Ch. Strouni &#8211; E. Mpampitsa (AUTH, Graduatestudents) <br> \u03a3\u03c4\u03cc\u03c7\u03bf\u03c2 \u03c4\u03c9\u03bd \u03b5\u03c1\u03b3\u03b1\u03c3\u03c4\u03b7\u03c1\u03af\u03c9\u03bd \u03ba\u03b1\u03b9 \u03c4\u03c9\u03bd \u03c3\u03b5\u03bc\u03b9\u03bd\u03b1\u03c1\u03af\u03c9\u03bd \u03ae\u03c4\u03b1\u03bd \u03b7 \u03b1\u03bd\u03ac\u03b4\u03b5\u03b9\u03be\u03b7 \u03bc\u03b9\u03b1\u03c2 \u03b5\u03bd\u03b1\u03bb\u03bb\u03b1\u03ba\u03c4\u03b9\u03ba\u03ae\u03c2 \u03b4\u03b9\u03b4\u03b1\u03ba\u03c4\u03b9\u03ba\u03ae\u03c2 \u03c0\u03c1\u03bf\u03c3\u03ad\u03b3\u03b3\u03b9\u03c3\u03b7\u03c2 \u03c4\u03c9\u03bd \u03c6\u03c5\u03c3\u03b9\u03ba\u03ce\u03bd \u03b5\u03c0\u03b9\u03c3\u03c4\u03b7\u03bc\u03ce\u03bd \u03bc\u03ad\u03c3\u03c9 \u03c4\u03b7\u03c2 \u03bb\u03bf\u03b3\u03bf\u03c4\u03b5\u03c7\u03bd\u03af\u03b1\u03c2, \u03c4\u03b7\u03c2 \u03b1\u03c1\u03c7\u03b1\u03af\u03b1\u03c2 \u03b5\u03bb\u03bb\u03b7\u03bd\u03b9\u03ba\u03ae\u03c2 \u03bc\u03c5\u03b8\u03bf\u03bb\u03bf\u03b3\u03af\u03b1\u03c2 \u03ba\u03b1\u03b9 \u03b5\u03c0\u03b9\u03c3\u03c4\u03b7\u03bc\u03bf\u03bd\u03b9\u03ba\u03ae\u03c2 \u03b3\u03c1\u03b1\u03bc\u03bc\u03b1\u03c4\u03b5\u03af\u03b1\u03c2.<br> \u03a3\u03c4\u03b9\u03c2 \u03b4\u03c1\u03ac\u03c3\u03b5\u03b9\u03c2 \u03c0\u03bf\u03c5 \u03c5\u03bb\u03bf\u03c0\u03bf\u03b9\u03ae\u03b8\u03b7\u03ba\u03b1\u03bd \u03ba\u03b1\u03c4\u03ac \u03c4\u03b7 \u03b4\u03b9\u03ac\u03c1\u03ba\u03b5\u03b9\u03b1 \u03c4\u03c9\u03bd \u03b4\u03cd\u03bf \u03b5\u03c4\u03ce\u03bd \u03c4\u03bf\u03c5 \u03a0\u03c1\u03bf\u03b3\u03c1\u03ac\u03bc\u03bc\u03b1\u03c4\u03bf\u03c2 \u03c3\u03c5\u03bc\u03bc\u03b5\u03c4\u03b5\u03af\u03c7\u03b5 \u03c4\u03bf \u03c3\u03cd\u03bd\u03bf\u03bb\u03bf \u03c3\u03c7\u03b5\u03b4\u03cc\u03bd \u03c4\u03c9\u03bd \u03bc\u03b1\u03b8\u03b7\u03c4\u03c1\u03b9\u03ce\u03bd\/\u03c4\u03ce\u03bd \u03c4\u03bf\u03c5 \u03c3\u03c7\u03bf\u03bb\u03b5\u03af\u03bf\u03c5 \u03ba\u03b1\u03b9 17 \u03b5\u03ba\u03c0\u03b1\u03b9\u03b4\u03b5\u03c5\u03c4\u03b9\u03ba\u03bf\u03af. \u039a\u03ac\u03c0\u03bf\u03b9\u03b5\u03c2 \u03b1\u03c0\u03cc \u03c4\u03b9\u03c2 \u03c0\u03b1\u03c1\u03b1\u03c0\u03ac\u03bd\u03c9 \u03b4\u03c1\u03ac\u03c3\u03b5\u03b9\u03c2 \u03c5\u03c0\u03bf\u03c3\u03c4\u03b7\u03c1\u03af\u03c7\u03b8\u03b7\u03ba\u03b1\u03bd \u03b1\u03c0\u03cc \u03c4\u03bf \u0391\u03c1\u03b9\u03c3\u03c4\u03bf\u03c4\u03ad\u03bb\u03b5\u03b9\u03bf \u03a0\u03b1\u03bd\u03b5\u03c0\u03b9\u03c3\u03c4\u03ae\u03bc\u03b9\u03bf \u0398\u03b5\u03c3\u03c3\u03b1\u03bb\u03bf\u03bd\u03af\u03ba\u03b7\u03c2 (\u03a6\u03b9\u03bb\u03bf\u03c3\u03bf\u03c6\u03b9\u03ba\u03ae \u03a3\u03c7\u03bf\u03bb\u03ae, \u03a4\u03bc\u03ae\u03bc\u03b1 \u03a6\u03b9\u03bb\u03bf\u03c3\u03bf\u03c6\u03af\u03b1\u03c2 \u03ba\u03b1\u03b9 \u03a0\u03b1\u03b9\u03b4\u03b1\u03b3\u03c9\u03b3\u03b9\u03ba\u03ae\u03c2), \u03c4\u03bf\u03bd \u0394\u03ae\u03bc\u03bf \u039a\u03bf\u03c1\u03b4\u03b5\u03bb\u03b9\u03bf\u03cd-\u0395\u03c5\u03cc\u03c3\u03bc\u03bf\u03c5 \u03ba\u03b1\u03b9 \u03c4\u03b7 \u03a7\u0391\u039d \u0398\u03b5\u03c3\u03c3\u03b1\u03bb\u03bf\u03bd\u03af\u03ba\u03b7\u03c2.<br> \u03a4\u03bf\u03bd \u039f\u03ba\u03c4\u03ce\u03b2\u03c1\u03b9\u03bf \u03c4\u03bf\u03c5 2018 \u03ba\u03b1\u03b9 \u03c4\u03bf\u03bd \u0391\u03c0\u03c1\u03af\u03bb\u03b9\u03bf \u03c4\u03bf\u03c5 2019 \u03c3\u03c5\u03bd\u03bf\u03bb\u03b9\u03ba\u03ac 28 \u03bc\u03b1\u03b8\u03b7\u03c4\u03ad\u03c2 \u03ba\u03b1\u03b9 8 \u03ba\u03b1\u03b8\u03b7\u03b3\u03b7\u03c4\u03ad\u03c2 \u03b1\u03c0\u03cc  \u03c4\u03bf \u03c3\u03c7\u03bf\u03bb\u03b5\u03af\u03bf \u03bc\u03b1\u03c2 \u03c4\u03b1\u03be\u03af\u03b4\u03b5\u03c8\u03b1\u03bd \u03c3\u03c4\u03b7 \u03a3\u03bf\u03c5\u03b7\u03b4\u03af\u03b1 \u03ba\u03b1\u03b9 \u03c3\u03c4\u03b7 \u03a3\u03bb\u03bf\u03b2\u03b1\u03ba\u03af\u03b1 \u03b1\u03bd\u03c4\u03af\u03c3\u03c4\u03bf\u03b9\u03c7\u03b1: \u03b1\u03c0\u03bf\u03ba\u03cc\u03bc\u03b9\u03c3\u03b1\u03bd\u03c0\u03bf\u03bb\u03cd\u03c4\u03b9\u03bc\u03b5\u03c2 \u03b5\u03bc\u03c0\u03b5\u03b9\u03c1\u03af\u03b5\u03c2 \u03b1\u03c0\u03cc \u03c4\u03b7\u03bd \u03c0\u03b1\u03c1\u03b1\u03bc\u03bf\u03bd\u03ae \u03c4\u03bf\u03c5\u03c2 \u03c3\u03c4\u03b9\u03c2 \u03bf\u03b9\u03ba\u03bf\u03b3\u03ad\u03bd\u03b5\u03b9\u03b5\u03c2 \u03ba\u03b1\u03b9 \u03c4\u03b1 \u03c3\u03c7\u03bf\u03bb\u03b5\u03af\u03b1 \u03c5\u03c0\u03bf\u03b4\u03bf\u03c7\u03ae\u03c2 \u03b5\u03bd\u03b9\u03c3\u03c7\u03cd\u03bf\u03bd\u03c4\u03b1\u03c2 \u03c4\u03b9\u03c2 \u03b5\u03c0\u03b9\u03ba\u03bf\u03b9\u03bd\u03c9\u03bd\u03b9\u03b1\u03ba\u03ad\u03c2 \u03c4\u03bf\u03c5\u03c2 \u03b4\u03b5\u03be\u03b9\u03cc\u03c4\u03b7\u03c4\u03b5\u03c2 \u03c3\u03c4\u03b7\u03bd \u0391\u03b3\u03b3\u03bb\u03b9\u03ba\u03ae \u03b3\u03bb\u03ce\u03c3\u03c3\u03b1, \u03c4\u03b7\u03bd \u03ba\u03bf\u03c5\u03bb\u03c4\u03bf\u03cd\u03c1\u03b1 \u03c3\u03c5\u03bd\u03b5\u03c1\u03b3\u03b1\u03c3\u03af\u03b1\u03c2 \u03ba\u03b1\u03b9 \u03ba\u03b1\u03bb\u03bb\u03b9\u03b5\u03c1\u03b3\u03ce\u03bd\u03c4\u03b1\u03c2 \u03ad\u03bc\u03c0\u03c1\u03b1\u03ba\u03c4\u03b1 \u03c4\u03b7\u03bd \u0395\u03c5\u03c1\u03c9\u03c0\u03b1\u03ca\u03ba\u03ae  \u03c4\u03bf\u03c5\u03c2 \u03c3\u03c5\u03bd\u03b5\u03af\u03b4\u03b7\u03c3\u03b7.<br> \u0393\u03b9\u03b1 \u03c0\u03b5\u03c1\u03b9\u03c3\u03c3\u03cc\u03c4\u03b5\u03c1\u03b5\u03c2 \u03c0\u03bb\u03b7\u03c1\u03bf\u03c6\u03bf\u03c1\u03af\u03b5\u03c2 \u03b3\u03b9\u03b1 \u03c4\u03bf \u03c3\u03c5\u03b3\u03ba\u03b5\u03ba\u03c1\u03b9\u03bc\u03ad\u03bd\u03bf \u03c0\u03c1\u03cc\u03b3\u03c1\u03b1\u03bc\u03bc\u03b1 \u0395rasmus+ \u03ba\u03b1\u03b9 \u03c4\u03b9\u03c2 \u03b5\u03ba\u03b4\u03b7\u03bb\u03ce\u03c3\u03b5\u03b9\u03c2 \u03bc\u03b1\u03c2 \u03bc\u03c0\u03bf\u03c1\u03b5\u03af\u03c4\u03b5 \u03bd\u03b1 \u03b5\u03c0\u03b9\u03c3\u03ba\u03ad\u03c0\u03c4\u03b5\u03c3\u03b8\u03b5 \u03c4\u03b7\u03bd \u03c3\u03b5\u03bb\u03af\u03b4\u03b1 \u03bc\u03b1\u03c2 \u03c3\u03c4\u03bf Facebookhttps:\/\/www.facebook.com\/gymdiapeurop \u03c4\u03bf\u03c5 \u03c0\u03c1\u03bf\u03b3\u03c1\u03ac\u03bc\u03bc\u03b1\u03c4\u03bf\u03c2.<a href=\"https:\/\/titlerasmus.weebly.com\">https:\/\/titlerasmus.weebly.com<\/a><\/li>\n<\/ol>\n\n\n\n<p><\/p>\n\n\n\n<p><p>Wenn Sie Unterst\u00fctzung bei Ihrer akademischen Arbeit ben\u00f6tigen, k\u00f6nnen Sie eine <a href=\"https:\/\/ghost-factory.de\/bachelorarbeit\/\" style=\"text-decoration: none !important; color: inherit !important;\">bachelorarbeit schreiben lassen<\/a>, um qualitativ hochwertige Ergebnisse zu erzielen.<\/p><\/p>\n","protected":false},"excerpt":{"rendered":"<p>\u0395\u03c0\u03b9\u03c3\u03ba\u03b5\u03c6\u03b8\u03b5\u03af\u03c4\u03b5 \u03c4\u03bf\u03bd \u0399\u03c3\u03c4\u03cc\u03c4\u03bf\u03c0\u03bf \u03c4\u03bf\u03c5 \u03c0\u03c1\u03bf\u03b3\u03c1\u03ac\u03bc\u03bc\u03b1\u03c4\u03bf\u03c2 \u039a\u03b1\u03c4\u03ac \u03c4\u03b1 \u03c3\u03c7\u03bf\u03bb\u03b9\u03ba\u03ac \u03ad\u03c4\u03b7 2017- 2018 \u03ba\u03b1\u03b9 2018-2019 \u03c4\u03bf \u0394\u03b9\u03b1\u03c0\u03bf\u03bb\u03b9\u03c4\u03b9\u03c3\u03bc\u03b9\u03ba\u03cc \u0393\u03c5\u03bc\u03bd\u03ac\u03c3\u03b9\u03bf \u0395\u03c5\u03cc\u03c3\u03bc\u03bf\u03c5 \u03ad\u03bb\u03b1\u03b2\u03b5 \u03bc\u03ad\u03c1\u03bf\u03c2 \u03bc\u03b5 \u03bc\u03b5\u03b3\u03ac\u03bb\u03b7 \u03b5\u03c0\u03b9\u03c4\u03c5\u03c7\u03af\u03b1 \u03c3\u03c4\u03bf \u0395\u03c5\u03c1\u03c9\u03c0\u03b1\u03ca\u03ba\u03cc \u03a0\u03c1\u03cc\u03b3\u03c1\u03b1\u03bc\u03bc\u03b1 Erasmus+ \u03bc\u03b5 \u03c4\u03af\u03c4\u03bb\u03bf: \u00abTo Teach is toLearn \u2013 Using Literature in a Creative Education as a Multidirectional Path to Skills Development\u00bb, \u03c0\u03bf\u03c5 \u03c7\u03c1\u03b7\u03bc\u03b1\u03c4\u03bf\u03b4\u03bf\u03c4\u03ae\u03b8\u03b7\u03ba\u03b5 \u03b5\u03be\u03bf\u03bb\u03bf\u03ba\u03bb\u03ae\u03c1\u03bf\u03c5 \u03b1\u03c0\u03cc \u03c4\u03b7\u03bd \u0395\u03c5\u03c1\u03c9\u03c0\u03b1\u03ca\u03ba\u03ae \u0388\u03bd\u03c9\u03c3\u03b7. \u03a3\u03c4\u03bf \u03c0\u03c1\u03cc\u03b3\u03c1\u03b1\u03bc\u03bc\u03b1 &hellip; <\/p>\n<p><a class=\"more-link btn\" href=\"http:\/\/dge.mysch.gr\/site\/eyropaiko-programma-erasmus-2017-2019-to-teach-is-to-learn-using-literature-in-a-creative-education-as-a-m\/\">\u03a3\u03c5\u03bd\u03ad\u03c7\u03b5\u03b9\u03b1 \u03b1\u03bd\u03ac\u03b3\u03bd\u03c9\u03c3\u03b7\u03c2<\/a><\/p>\n","protected":false},"author":4,"featured_media":0,"parent":0,"menu_order":0,"comment_status":"closed","ping_status":"closed","template":"","meta":{"footnotes":""},"class_list":["post-1257","page","type-page","status-publish","hentry","nodate","item-wrap"],"_links":{"self":[{"href":"http:\/\/dge.mysch.gr\/site\/wp-json\/wp\/v2\/pages\/1257","targetHints":{"allow":["GET"]}}],"collection":[{"href":"http:\/\/dge.mysch.gr\/site\/wp-json\/wp\/v2\/pages"}],"about":[{"href":"http:\/\/dge.mysch.gr\/site\/wp-json\/wp\/v2\/types\/page"}],"author":[{"embeddable":true,"href":"http:\/\/dge.mysch.gr\/site\/wp-json\/wp\/v2\/users\/4"}],"replies":[{"embeddable":true,"href":"http:\/\/dge.mysch.gr\/site\/wp-json\/wp\/v2\/comments?post=1257"}],"version-history":[{"count":3,"href":"http:\/\/dge.mysch.gr\/site\/wp-json\/wp\/v2\/pages\/1257\/revisions"}],"predecessor-version":[{"id":3986,"href":"http:\/\/dge.mysch.gr\/site\/wp-json\/wp\/v2\/pages\/1257\/revisions\/3986"}],"wp:attachment":[{"href":"http:\/\/dge.mysch.gr\/site\/wp-json\/wp\/v2\/media?parent=1257"}],"curies":[{"name":"wp","href":"https:\/\/api.w.org\/{rel}","templated":true}]}}